{"id":326,"date":"2018-10-08T10:43:47","date_gmt":"2018-10-08T10:43:47","guid":{"rendered":"https:\/\/jthemes.net\/themes\/wp\/genemy\/creative\/?page_id=326"},"modified":"2026-03-17T17:51:56","modified_gmt":"2026-03-17T17:51:56","slug":"digital-agency","status":"publish","type":"page","link":"https:\/\/www.drpelinustuner.com\/landing\/","title":{"rendered":"Do\u00e7. Dr. Pelin Do\u011fa \u00dcst\u00fcner"},"content":{"rendered":"<div class=\"wpb-content-wrapper\"><p>[vc_section full_width=&#8221;container-wide&#8221; padding_class=&#8221;wide-0&#8243;][vc_row][vc_column][genemy_hero_digital_agency bg=&#8221;https:\/\/www.drpelinustuner.com\/landing\/wp-content\/uploads\/2019\/09\/banner-4.jpg&#8221; title=&#8221;Prof. Dr. Pelin do\u011fa \u00dcst\u00fcner&#8221; lead_text=&#8221;Cildinizin Yenilenme Zaman\u0131..Bizimle Tan\u0131\u015f\u0131n.&#8221; params=&#8221;%5B%7B%22icon%22%3A%22fab%20fa-whatsapp%22%2C%22button_text%22%3A%22Whatsaptan%20Bize%20Ula%C5%9F%C4%B1n%22%2C%22button_url%22%3A%22https%3A%2F%2Fwa.me%2F905457658244%22%2C%22button_target%22%3A%22_self%22%2C%22button_style%22%3A%22btn-green%22%2C%22button_size%22%3A%22btn-md%22%7D%5D&#8221; image=&#8221;https:\/\/www.drpelinustuner.com\/landing\/wp-content\/uploads\/2025\/04\/6I1A0015-scaled.jpg&#8221; image_media_group=&#8221;%5B%7B%22type%22%3A%22max-width%22%2C%22width%22%3A%22767px%22%7D%5D&#8221; bg_media_group=&#8221;%5B%7B%22type%22%3A%22max-width%22%2C%22width%22%3A%22767px%22%7D%5D&#8221;][\/vc_column][\/vc_row][\/vc_section][vc_section el_id=&#8221;service&#8221;][vc_row][vc_column][vc_text_separator 1=&#8221;href=&#8220;&#96;&#96;#features&#96;&#96;&#8220;>UYGULAMALARIMIZ<\/a>&#8220;&#8221; css=&#8221;&#8221;][vc_empty_space height=&#8221;10px&#8221;][\/vc_column][\/vc_row][vc_row][vc_column width=&#8221;1\/4&#8243;][genemy_card_box image=&#8221;https:\/\/www.drpelinustuner.com\/landing\/wp-content\/uploads\/2025\/03\/Dermatoloji-Cildiye.jpg&#8221; title=&#8221;Dermatoloji&#8221; animation_delay=&#8221;300&#8243;][\/genemy_card_box][\/vc_column][vc_column width=&#8221;1\/4&#8243;][genemy_card_box image=&#8221;https:\/\/www.drpelinustuner.com\/landing\/wp-content\/uploads\/2025\/03\/cilt-genclestirme-scaled-1.webp&#8221; title=&#8221;Cilt Gen\u00e7le\u015ftirme&#8221; animation_delay=&#8221;300&#8243;][\/genemy_card_box][\/vc_column][vc_column width=&#8221;1\/4&#8243;][genemy_card_box image=&#8221;https:\/\/www.drpelinustuner.com\/landing\/wp-content\/uploads\/2025\/03\/leke-tedavisi.png&#8221; title=&#8221;Leke Tedavisi&#8221; animation_delay=&#8221;300&#8243;][\/genemy_card_box][\/vc_column][vc_column width=&#8221;1\/4&#8243;][genemy_card_box image=&#8221;https:\/\/www.drpelinustuner.com\/landing\/wp-content\/uploads\/2025\/03\/mezoterapi.jpg&#8221; title=&#8221;Mezoterapi&#8221; animation_delay=&#8221;300&#8243;][\/genemy_card_box][\/vc_column][\/vc_row][\/vc_section][vc_section bg_class=&#8221;bg-lightgrey&#8221; parallax_image_attachment=&#8221;inherit&#8221; css=&#8221;.vc_custom_1742632891997{padding-bottom: 0px !important;}&#8221; el_id=&#8221;about&#8221;][vc_row][vc_column][vc_column_text css=&#8221;&#8221;][\/vc_column_text][genemy_digital_strategy image=&#8221;https:\/\/www.drpelinustuner.com\/landing\/wp-content\/uploads\/2025\/04\/6I1A0197-scaled.jpg&#8221; subtitle=&#8221;&#8221; title=&#8221;PROF. DR PEL\u0130N DO\u011eA \u00dcST\u00dcNER&#8221; lead_text=&#8221;&#8221; title2=&#8221;&#8221; strategy_list=&#8221;%5B%7B%22title%22%3A%221982%20y%C4%B1l%C4%B1nda%20Ankara%E2%80%99da%20do%C4%9Fdum.%20Orta%20ve%20lise%20%C3%B6%C4%9Fretimimi%20TED%20Ankara%20Koleji%E2%80%99nde%20tamamlad%C4%B1m.%202004%20y%C4%B1l%C4%B1nda%20Ankara%20%C3%9Cniversitesi%20T%C4%B1p%20Fak%C3%BCltesi%E2%80%99nden%20mezun%20oldum.%202004-2010%20y%C4%B1llar%C4%B1%20aras%C4%B1nda%20Ba%C5%9Fkent%20%C3%9Cniversitesi%2C%20Deri%20ve%20z%C3%BChrevi%20hastal%C4%B1klar%20uzmanl%C4%B1k%20e%C4%9Fitimimi%20ald%C4%B1m.%202011-2013%20y%C4%B1llar%C4%B1%20aras%C4%B1nda%20Rize%20Devlet%20Hastanesi%E2%80%99nde%20dermatoloji%20uzman%C4%B1%20olarak%20devlet%20hizmet%20y%C3%BCk%C3%BCml%C3%BCl%C3%BC%C4%9F%C3%BC%20hizmetimi%20tamamlad%C4%B1m.%5Cn2014-2018%20tarihleri%20aras%C4%B1nda%20%C4%B0stanbul%20Medipol%20%C3%9Cniversitesi%E2%80%99nde%20yard%C4%B1mc%C4%B1%20do%C3%A7ent%20olarak%20akademik%20%C3%A7al%C4%B1%C5%9Fmalar%C4%B1m%C4%B1%20s%C3%BCrd%C3%BCrd%C3%BCm%20ve%202018%20y%C4%B1l%C4%B1nda%20Do%C3%A7ent%20Doktor%20%C3%BCnvan%C4%B1n%C4%B1%20ald%C4%B1m.%202018-2020%20tarihleri%20aras%C4%B1nda%20Florence%20Nightingale%20Hastanesi%E2%80%99nde%20g%C3%B6rev%20yapt%C4%B1m.%202020-2023%20y%C4%B1llar%C4%B1%20aras%C4%B1nda%20BHT%20Clinic%20%C3%96zel%20%C4%B0stanbul%20Tema%20Hastanesi%E2%80%99nde%20Do%C3%A7ent%20Doktor%20olarak%20%C3%A7al%C4%B1%C5%9Ft%C4%B1m.%20Liv%20Hospital%20Vadi%20%C4%B0stanbul%20Hastanesinde%20%C3%A7al%C4%B1%C5%9Ft%C4%B1ktan%20sonra%20%C5%9Fu%20an%20kendi%20Muayenehanem%20olan%20Torun%20Center%20Garden%20Ofis%20A%20Blok&#8217;ta%20hastalar%C4%B1m%C4%B1za%20hizmet%20vermekteyim.%22%7D%5D&#8221; list_display=&#8221;&#8221; image_media_group=&#8221;%5B%7B%22type%22%3A%22max-width%22%2C%22width%22%3A%22767px%22%7D%5D&#8221;][\/vc_column][\/vc_row][\/vc_section][vc_section padding_class=&#8221;wide-100&#8243; el_id=&#8221;portfolio&#8221;][vc_row][vc_column][vc_empty_space height=&#8221;60px&#8221;][genemy_section_title name=&#8221;&#8221; title=&#8221;Cildinizin {Yenilenme Zaman\u0131! }&#8221; subtitle=&#8221;&#8221; underline_color=&#8221;underline-rose&#8221; highlight_text_color=&#8221;default&#8221;][vc_row_inner][vc_column_inner width=&#8221;1\/2&#8243;][vc_single_image custom_src=&#8221;https:\/\/www.drpelinustuner.com\/landing\/wp-content\/uploads\/2025\/03\/drpelin.jpeg&#8221; external_img_size=&#8221;500&#215;200&#8243; css=&#8221;&#8221;][\/vc_column_inner][vc_column_inner width=&#8221;1\/2&#8243;][vc_column_text css=&#8221;&#8221;]<\/p>\n<p class=\"\" data-start=\"99\" data-end=\"168\"><strong data-start=\"99\" data-end=\"166\">Sa\u011fl\u0131kl\u0131 ve I\u015f\u0131lt\u0131l\u0131 Bir Cilt \u0130\u00e7in Yan\u0131n\u0131zday\u0131z!<\/strong><\/p>\n<p class=\"\" data-start=\"170\" data-end=\"576\">Cildiniz, sizin en de\u011ferli hazineniz! <strong data-start=\"208\" data-end=\"229\">Do\u00e7. Dr. Pelin Do\u011fa \u00dcst\u00fcner<\/strong>, dermatoloji alan\u0131ndaki uzmanl\u0131\u011f\u0131yla cilt sa\u011fl\u0131\u011f\u0131n\u0131z\u0131 korumak ve en iyi hale getirmek i\u00e7in yan\u0131n\u0131zda. Akne, leke tedavileri, medikal estetik uygulamalar\u0131 ve dermatolojik hastal\u0131klar konusunda sa\u011fl\u0131kl\u0131, gen\u00e7 ve parlak bir cilt i\u00e7in bize ula\u015f\u0131n, uzman dokunu\u015flarla fark\u0131 hissedin!<\/p>\n<p>&#x2705; Pediatrik Dermatoloji<br \/>\n&#x2705; Cilt Gen\u00e7le\u015ftirme<br \/>\n&#x2705; Leke Tedavisi<br \/>\n&#x2705; Mezoterapi<\/p>\n<p>&#x1f486;&#x200d;&#x2640;&#xfe0f; Cildiniz i\u00e7in en do\u011fru tedavi y\u00f6ntemini birlikte belirleyelim!<\/p>\n<p>&#x1f4cd; Adres: T<a tabindex=\"0\" href=\"https:\/\/www.google.com\/maps\/place\/\/data=!4m2!3m1!1s0x14caa5aeb138e0cd:0xf86d88573ac43166?sa=X&amp;ved=1t:8290&amp;ictx=111\" data-url=\"\/maps\/place\/\/data=!4m2!3m1!1s0x14caa5aeb138e0cd:0xf86d88573ac43166?sa=X&amp;ved=2ahUKEwiZjYy9v6eTAxUwSfEDHSdHFVIQ4kB6BAgTEAA\">orun Center Garden, Fulya, B\u00fcy\u00fckdere Cd. No:74-A Ofis A Blok Kat B2 Ofis No:60, 34501 \u015ei\u015fli\/\u0130stanbul<\/a><\/p>\n<p>&#x1f4de; \u0130leti\u015fim: 0545 765 82 44<\/p>\n<p>&#x1f4f2; Randevu ve detayl\u0131 bilgi i\u00e7in Bizi Aray\u0131n[\/vc_column_text][genemy_call_to_action style=&#8221;style2&#8243; title=&#8221;&#8221; lead_text=&#8221;&#8221; subtitle=&#8221;&#8221; params=&#8221;%5B%7B%22button_text%22%3A%22GSM%22%2C%22button_url%22%3A%22tel%3A05457658244%22%2C%22button_target%22%3A%22_self%22%2C%22button_size%22%3A%22btn-md%22%7D%2C%7B%22button_text%22%3A%22Whatsapp%22%2C%22button_url%22%3A%22https%3A%2F%2Fwa.me%2F905457658244%22%2C%22button_target%22%3A%22_self%22%2C%22button_style%22%3A%22btn-lightgreen%22%2C%22button_size%22%3A%22btn-lg%22%7D%5D&#8221; bottom_text=&#8221;&#8221;][\/vc_column_inner][\/vc_row_inner][\/vc_column][\/vc_row][\/vc_section][vc_section parallax_image_attachment=&#8221;inherit&#8221; el_id=&#8221;reviews&#8221;][vc_row][vc_column][vc_column_text css=&#8221;&#8221;][\/vc_column_text][genemy_section_title name=&#8221;&#8221; title=&#8221;Cildiniz, G\u00fczelli\u011finiz ve Sa\u011fl\u0131\u011f\u0131n\u0131z i\u00e7in&#8221; subtitle=&#8221;Ameliyats\u0131z cilt gen\u00e7le\u015ftirme uygulamalar\u0131 i\u00e7in bizimle ileti\u015fime ge\u00e7ebilirsiniz.&#8221; underline_color=&#8221;none&#8221;][\/vc_column][\/vc_row][vc_row][vc_column width=&#8221;1\/3&#8243;][genemy_service_box icon=&#8221;ti-Line-Person&#8221; title=&#8221;Randevu Al\u0131n&#8221; subtitle=&#8221;Doktor Takvimi profilinden online randevu alabilirsiniz&#8221; add_button=&#8221;yes&#8221; btn_url=&#8221;url:http%3A%2F%2FDoktor%20Takvimi%20profilinden%20online%20randevu%20alabilirsiniz|title:Randevu%20Al%C4%B1n|target:_blank&#8221; align=&#8221;text-center&#8221; icon_color=&#8221;rose&#8221; underline_color=&#8221;none&#8221; animation_delay=&#8221;300&#8243;][\/vc_column][vc_column width=&#8221;1\/3&#8243;][genemy_service_box icon=&#8221;ti-Line-Map-Pin-4&#8243; title=&#8221;Adresimiz&#8221; subtitle=&#8221;Fulya mahallesi B\u00fcy\u00fckdere caddesi Torun Center Garden Bah\u00e7e Ofis. A blok B2 kat\u0131 no: 60 Mecidiyek\u00f6y\/\u0130stanbul&#8221; add_button=&#8221;yes&#8221; btn_url=&#8221;url:https%3A%2F%2Fg.co%2Fkgs%2FrxQCHUq|title:Google%20Harita&#8221; align=&#8221;text-center&#8221; icon_color=&#8221;rose&#8221; underline_color=&#8221;none&#8221; animation_delay=&#8221;300&#8243;][\/vc_column][vc_column width=&#8221;1\/3&#8243;][genemy_service_box icon=&#8221;ti-Line-Stopwatch&#8221; title=&#8221;\u00c7al\u0131\u015fma Saatlerimiz&#8221; subtitle=&#8221;Pazartesi &#8211; Cuma-<br \/>\n8:40-17:00<br \/>\nCumartesi<br \/>\n9:00-14:00&#8243; align=&#8221;text-center&#8221; icon_color=&#8221;rose&#8221; underline_color=&#8221;none&#8221; animation_delay=&#8221;300&#8243;][\/vc_column][\/vc_row][\/vc_section][vc_section parallax_image_attachment=&#8221;inherit&#8221; el_id=&#8221;blog&#8221;][vc_row][vc_column][vc_column_text css=&#8221;&#8221;][\/vc_column_text][genemy_why_choose image=&#8221;https:\/\/www.drpelinustuner.com\/landing\/wp-content\/uploads\/2025\/03\/torun-galer-2-e1742566061840.jpg&#8221; subtitle=&#8221;&#8221; title=&#8221;Muayenehanemiz&#8221; lead_text=&#8221;\u0130stanbul \u015ei\u015fli&#8217;de, Do\u00e7. Dr. Pelin Do\u011fa \u00dcst\u00fcner&#8217;in \u00f6nc\u00fcl\u00fc\u011f\u00fcnde kurulan \u00f6zel klini\u011fimiz, son teknoloji cihazlar\u0131m\u0131z ve alan\u0131nda uzman profesyonel ekibimizle sizlere hizmet sunmaktad\u0131r.&#8221; title2=&#8221;YOL TAR\u0130F\u0130&#8221; strategy_list=&#8221;%5B%7B%22title%22%3A%22Merkezimiz%2C%20yeni%20adresimiz%20olan%20TORUN%20CENTER%20%20Garden%20Ofis%20A%20Blok%20Kat%20B2%20Ofis%20No%3A60%20%E2%80%98de%20hizmete%20a%C3%A7%C4%B1lm%C4%B1%C5%9Ft%C4%B1r.%5Cn%5Cn%22%7D%2C%7B%22title%22%3A%22Engelli%20ve%20ya%C5%9Fl%C4%B1%20hastalar%C4%B1m%C4%B1z%20i%C3%A7in%20%C3%B6nemli%20not%3A%20Tekerlekli%20sandalye%20ile%20gelecekseniz%2C%20l%C3%BCtfen%20bize%20gelece%C4%9Finiz%20arac%C4%B1n%20plakas%C4%B1n%C4%B1%20gelmeden%20%C3%B6nce%20bildiriniz.%20Otopark%20giri%C5%9Finde%20%20bu%20durumu%20belirterek%20%C4%B0SPARK%E2%80%99%C4%B1n%20sa%C4%9F%20yan%C4%B1ndan%20giri%C5%9F%20yap%C4%B1n%C4%B1z.%5Cn%5Cn%C3%96zel%20arac%C4%B1n%C4%B1zla%20gelecekseniz%2C%20park%20etmek%20%20i%C3%A7in%20Torun%20Center%20i%C3%A7erisindeki%20%C4%B0SPARK%20Otopark%C4%B1%E2%80%99n%C4%B1%20%20kullanabilirsiniz.%20%22%7D%5D&#8221; list_display=&#8221;&#8221; display=&#8221;none&#8221; image_media_group=&#8221;%5B%7B%22type%22%3A%22max-width%22%2C%22width%22%3A%22767px%22%7D%5D&#8221;][\/vc_column][\/vc_row][\/vc_section][vc_row][vc_column][vc_gallery type=&#8221;flexslider_slide&#8221; interval=&#8221;3&#8243; images=&#8221;1175,1176,1177&#8243; img_size=&#8221;full&#8221; css=&#8221;&#8221;][\/vc_column][\/vc_row][vc_row][vc_column width=&#8221;1\/3&#8243;][\/vc_column][vc_column width=&#8221;1\/3&#8243;][\/vc_column][\/vc_row]<\/p>\n<\/div>","protected":false},"excerpt":{"rendered":"<p>[vc_section full_width=&#8221;container-wide&#8221; padding_class=&#8221;wide-0&#8243;][vc_row][vc_column][genemy_hero_digital_agency bg=&#8221;https:\/\/www.drpelinustuner.com\/landing\/wp-content\/uploads\/2019\/09\/banner-4.jpg&#8221; title=&#8221;Prof. Dr. Pelin do\u011fa \u00dcst\u00fcner&#8221; lead_text=&#8221;Cildinizin Yenilenme Zaman\u0131..Bizimle Tan\u0131\u015f\u0131n.&#8221; params=&#8221;%5B%7B%22icon%22%3A%22fab%20fa-whatsapp%22%2C%22button_text%22%3A%22Whatsaptan%20Bize%20Ula%C5%9F%C4%B1n%22%2C%22button_url%22%3A%22https%3A%2F%2Fwa.me%2F905457658244%22%2C%22button_target%22%3A%22_self%22%2C%22button_style%22%3A%22btn-green%22%2C%22button_size%22%3A%22btn-md%22%7D%5D&#8221; image=&#8221;https:\/\/www.drpelinustuner.com\/landing\/wp-content\/uploads\/2025\/04\/6I1A0015-scaled.jpg&#8221; image_media_group=&#8221;%5B%7B%22type%22%3A%22max-width%22%2C%22width%22%3A%22767px%22%7D%5D&#8221; bg_media_group=&#8221;%5B%7B%22type%22%3A%22max-width%22%2C%22width%22%3A%22767px%22%7D%5D&#8221;][\/vc_column][\/vc_row][\/vc_section][vc_section el_id=&#8221;service&#8221;][vc_row][vc_column][vc_text_separator 1=&#8221;href=&#8220;&#96;&#96;#features&#96;&#96;&#8220;>UYGULAMALARIMIZ&#8220;&#8221; css=&#8221;&#8221;][vc_empty_space height=&#8221;10px&#8221;][\/vc_column][\/vc_row][vc_row][vc_column width=&#8221;1\/4&#8243;][genemy_card_box image=&#8221;https:\/\/www.drpelinustuner.com\/landing\/wp-content\/uploads\/2025\/03\/Dermatoloji-Cildiye.jpg&#8221; title=&#8221;Dermatoloji&#8221; animation_delay=&#8221;300&#8243;][\/genemy_card_box][\/vc_column][vc_column width=&#8221;1\/4&#8243;][genemy_card_box image=&#8221;https:\/\/www.drpelinustuner.com\/landing\/wp-content\/uploads\/2025\/03\/cilt-genclestirme-scaled-1.webp&#8221; title=&#8221;Cilt Gen\u00e7le\u015ftirme&#8221; animation_delay=&#8221;300&#8243;][\/genemy_card_box][\/vc_column][vc_column width=&#8221;1\/4&#8243;][genemy_card_box image=&#8221;https:\/\/www.drpelinustuner.com\/landing\/wp-content\/uploads\/2025\/03\/leke-tedavisi.png&#8221; title=&#8221;Leke Tedavisi&#8221; animation_delay=&#8221;300&#8243;][\/genemy_card_box][\/vc_column][vc_column width=&#8221;1\/4&#8243;][genemy_card_box image=&#8221;https:\/\/www.drpelinustuner.com\/landing\/wp-content\/uploads\/2025\/03\/mezoterapi.jpg&#8221; title=&#8221;Mezoterapi&#8221; animation_delay=&#8221;300&#8243;][\/genemy_card_box][\/vc_column][\/vc_row][\/vc_section][vc_section bg_class=&#8221;bg-lightgrey&#8221;&#8230;<\/p>\n","protected":false},"author":1,"featured_media":0,"parent":161,"menu_order":0,"comment_status":"closed","ping_status":"closed","template":"templates\/onepage-template.php","meta":{"footnotes":""},"class_list":["post-326","page","type-page","status-publish","hentry","no-post-thumbnail"],"post_mailing_queue_ids":[],"_links":{"self":[{"href":"https:\/\/www.drpelinustuner.com\/landing\/wp-json\/wp\/v2\/pages\/326","targetHints":{"allow":["GET"]}}],"collection":[{"href":"https:\/\/www.drpelinustuner.com\/landing\/wp-json\/wp\/v2\/pages"}],"about":[{"href":"https:\/\/www.drpelinustuner.com\/landing\/wp-json\/wp\/v2\/types\/page"}],"author":[{"embeddable":true,"href":"https:\/\/www.drpelinustuner.com\/landing\/wp-json\/wp\/v2\/users\/1"}],"replies":[{"embeddable":true,"href":"https:\/\/www.drpelinustuner.com\/landing\/wp-json\/wp\/v2\/comments?post=326"}],"version-history":[{"count":22,"href":"https:\/\/www.drpelinustuner.com\/landing\/wp-json\/wp\/v2\/pages\/326\/revisions"}],"predecessor-version":[{"id":1191,"href":"https:\/\/www.drpelinustuner.com\/landing\/wp-json\/wp\/v2\/pages\/326\/revisions\/1191"}],"up":[{"embeddable":true,"href":"https:\/\/www.drpelinustuner.com\/landing\/wp-json\/wp\/v2\/pages\/161"}],"wp:attachment":[{"href":"https:\/\/www.drpelinustuner.com\/landing\/wp-json\/wp\/v2\/media?parent=326"}],"curies":[{"name":"wp","href":"https:\/\/api.w.org\/{rel}","templated":true}]}}